{"id":5839,"date":"2021-03-04T11:41:53","date_gmt":"2021-03-04T09:41:53","guid":{"rendered":"https:\/\/lotustex.green\/contactus\/"},"modified":"2023-11-13T10:23:49","modified_gmt":"2023-11-13T10:23:49","slug":"contactus","status":"publish","type":"page","link":"https:\/\/lotustex.green\/ar\/contactus\/","title":{"rendered":"\u062a\u0648\u0627\u0635\u0644 \u0645\u0639\u0646\u0627"},"content":{"rendered":"\t\t<div data-elementor-type=\"wp-page\" data-elementor-id=\"5839\" class=\"elementor elementor-5839 elementor-870\">\n\t\t\t\t\t\t<section class=\"elementor-section elementor-top-section elementor-element elementor-element-83ca6c7 tm-column-break-ipad-yes elementor-section-stretched tm-col-stretched-none elementor-section-boxed elementor-section-height-default elementor-section-height-default\" data-id=\"83ca6c7\" data-element_type=\"section\" data-e-type=\"section\" data-settings=\"{&quot;stretch_section&quot;:&quot;section-stretched&quot;}\">\n\t\t\t\t\t\t<div class=\"elementor-container elementor-column-gap-default\">\n\t\t\t\t\t<div class=\"elementor-column elementor-col-100 elementor-top-column elementor-element elementor-element-76e71ac\" data-id=\"76e71ac\" data-element_type=\"column\" data-e-type=\"column\">\n\t\t\t<div class=\"elementor-widget-wrap elementor-element-populated\">\n\t\t\t\t\t\t<div class=\"elementor-element elementor-element-486d779 elementor-widget elementor-widget-google_maps\" data-id=\"486d779\" data-element_type=\"widget\" data-e-type=\"widget\" data-widget_type=\"google_maps.default\">\n\t\t\t\t<div class=\"elementor-widget-container\">\n\t\t\t\t\t\t\t<div class=\"elementor-custom-embed\">\n\t\t\t<iframe loading=\"lazy\"\n\t\t\t\t\tsrc=\"https:\/\/maps.google.com\/maps?q=Lotus-Tex%2C%2010th%20of%20Rammadan%20Desert%2C%20Al-Sharqia%20Governorate%207067501&#038;t=m&#038;z=14&#038;output=embed&#038;iwloc=near\"\n\t\t\t\t\ttitle=\"Lotus-Tex, 10th of Rammadan Desert, Al-Sharqia Governorate 7067501\"\n\t\t\t\t\taria-label=\"Lotus-Tex, 10th of Rammadan Desert, Al-Sharqia Governorate 7067501\"\n\t\t\t><\/iframe>\n\t\t<\/div>\n\t\t\t\t\t\t<\/div>\n\t\t\t\t<\/div>\n\t\t\t\t<div class=\"elementor-element elementor-element-5996444 elementor-widget elementor-widget-heading\" data-id=\"5996444\" data-element_type=\"widget\" data-e-type=\"widget\" data-widget_type=\"heading.default\">\n\t\t\t\t<div class=\"elementor-widget-container\">\n\t\t\t\t\t<h3 class=\"elementor-heading-title elementor-size-default\">\u0645\u0639\u0644\u0648\u0645\u0627\u062a \u0627\u0644\u0627\u062a\u0635\u0627\u0644<\/h3>\t\t\t\t<\/div>\n\t\t\t\t<\/div>\n\t\t\t\t\t<\/div>\n\t\t<\/div>\n\t\t\t\t\t<\/div>\n\t\t<\/section>\n\t\t\t\t<section class=\"elementor-section elementor-top-section elementor-element elementor-element-5b14d9c3 tm-column-break-ipad-yes tm-bgcolor-white elementor-section-stretched tm-col-stretched-none elementor-section-boxed elementor-section-height-default elementor-section-height-default\" data-id=\"5b14d9c3\" data-element_type=\"section\" data-e-type=\"section\" data-settings=\"{&quot;stretch_section&quot;:&quot;section-stretched&quot;}\">\n\t\t\t\t\t\t<div class=\"elementor-container elementor-column-gap-default\">\n\t\t\t\t\t<div class=\"elementor-column elementor-col-100 elementor-top-column elementor-element elementor-element-4ccb1540\" data-id=\"4ccb1540\" data-element_type=\"column\" data-e-type=\"column\">\n\t\t\t<div class=\"elementor-widget-wrap elementor-element-populated\">\n\t\t\t\t\t\t<section class=\"elementor-section elementor-inner-section elementor-element elementor-element-d7eda5c tm-bgcolor-white tm-column-break-ipad-no tm-col-stretched-none elementor-section-boxed elementor-section-height-default elementor-section-height-default\" data-id=\"d7eda5c\" data-element_type=\"section\" data-e-type=\"section\">\n\t\t\t\t\t\t<div class=\"elementor-container elementor-column-gap-default\">\n\t\t\t\t\t<div class=\"elementor-column elementor-col-100 elementor-inner-column elementor-element elementor-element-27d5f39\" data-id=\"27d5f39\" data-element_type=\"column\" data-e-type=\"column\">\n\t\t\t<div class=\"elementor-widget-wrap elementor-element-populated\">\n\t\t\t\t\t\t<div class=\"elementor-element elementor-element-af39d6d tm-align-center elementor-widget elementor-widget-tm_heading\" data-id=\"af39d6d\" data-element_type=\"widget\" data-e-type=\"widget\" data-widget_type=\"tm_heading.default\">\n\t\t\t\t<div class=\"elementor-widget-container\">\n\t\t\t\t\t<div class=\"tm-element-heading-content-wrapper center-align  tm-seperator-solid tm-content-with-desc tm-heading-style-vertical \"><div class=\"tm-content-header\"><h2 class=\"tm-element-content-heading tm-custom-heading \">\n\t\t\t\t\u062a\u0648\u0627\u0635\u0644 \u0645\u0639\u0646\u0627 \n\t\t\t<\/h2>\n\t\t<div class=\"heading-seperator\"><span><\/span><\/div><\/div><div class=\"tm-element-content-desctxt\">\u0644\u0627 \u062a\u062a\u0631\u062f\u062f \u0641\u064a \u0627\u0644\u0627\u062a\u0635\u0627\u0644 \u0628\u0646\u0627 \u0645\u0646 \u062e\u0644\u0627\u0644\u00a0<a class=\"tm-skincolor\" href=\"#\">\u062a\u0648\u064a\u062a\u0631<\/a> \u0623\u0648<a class=\"tm-skincolor\" href=\"#\"> \u0641\u064a\u0633\u0628\u0648\u0643 <\/a>\u0625\u0630\u0627 \u0643\u0646\u062a \u062a\u0641\u0636\u0644.<\/div><\/div>\t\t\t\t<\/div>\n\t\t\t\t<\/div>\n\t\t\t\t<div class=\"elementor-element elementor-element-fa41206 elementor-widget elementor-widget-shortcode\" data-id=\"fa41206\" data-element_type=\"widget\" data-e-type=\"widget\" data-widget_type=\"shortcode.default\">\n\t\t\t\t<div class=\"elementor-widget-container\">\n\t\t\t\t\t\t\t<div class=\"elementor-shortcode\"><div class=\"wpforms-container wpforms-container-full wpforms-render-modern\" id=\"wpforms-6127\"><form id=\"wpforms-form-6127\" class=\"wpforms-validate wpforms-form wpforms-ajax-form\" data-formid=\"6127\" method=\"post\" enctype=\"multipart\/form-data\" action=\"\/ar\/wp-json\/wp\/v2\/pages\/5839\" data-token=\"693575f2296c19dc1e9e3c8223f7c1a9\" data-token-time=\"1776668006\"><noscript class=\"wpforms-error-noscript\">Please enable JavaScript in your browser to complete this form.<\/noscript><div class=\"wpforms-hidden\" id=\"wpforms-error-noscript\">Please enable JavaScript in your browser to complete this form.<\/div><div class=\"wpforms-field-container\"><div id=\"wpforms-6127-field_0-container\" class=\"wpforms-field wpforms-field-name\" data-field-id=\"0\"><label class=\"wpforms-field-label\" for=\"wpforms-6127-field_0\">\u0627\u0644\u0627\u0633\u0645 <span class=\"wpforms-required-label\" aria-hidden=\"true\">*<\/span><\/label><input type=\"text\" id=\"wpforms-6127-field_0\" class=\"wpforms-field-large wpforms-field-required\" name=\"wpforms[fields][0]\" aria-errormessage=\"wpforms-6127-field_0-error\" required><\/div><div id=\"wpforms-6127-field_1-container\" class=\"wpforms-field wpforms-field-email\" data-field-id=\"1\"><label class=\"wpforms-field-label\" for=\"wpforms-6127-field_1\">\u0627\u0644\u0628\u0631\u064a\u062f \u0627\u0644\u0627\u0644\u0643\u062a\u0631\u0648\u0646\u0649 <span class=\"wpforms-required-label\" aria-hidden=\"true\">*<\/span><\/label><input type=\"email\" id=\"wpforms-6127-field_1\" class=\"wpforms-field-large wpforms-field-required\" name=\"wpforms[fields][1]\" spellcheck=\"false\" aria-errormessage=\"wpforms-6127-field_1-error\" required><\/div><div id=\"wpforms-6127-field_2-container\" class=\"wpforms-field wpforms-field-textarea\" data-field-id=\"2\"><label class=\"wpforms-field-label\" for=\"wpforms-6127-field_2\">\u0627\u0644\u0631\u0633\u0627\u0644\u0629<\/label><textarea id=\"wpforms-6127-field_2\" class=\"wpforms-field-medium\" name=\"wpforms[fields][2]\" aria-errormessage=\"wpforms-6127-field_2-error\" ><\/textarea><\/div><\/div><!-- .wpforms-field-container --><div class=\"wpforms-recaptcha-container wpforms-is-recaptcha wpforms-is-recaptcha-type-v3\" ><input type=\"hidden\" name=\"wpforms[recaptcha]\" value=\"\"><\/div><div class=\"wpforms-submit-container\" ><input type=\"hidden\" name=\"wpforms[id]\" value=\"6127\"><input type=\"hidden\" name=\"page_title\" value=\"\"><input type=\"hidden\" name=\"page_url\" value=\"https:\/\/lotustex.green\/ar\/wp-json\/wp\/v2\/pages\/5839\"><button type=\"submit\" name=\"wpforms[submit]\" id=\"wpforms-submit-6127\" class=\"wpforms-submit\" data-alt-text=\"\u062c\u0627\u0631 \u0627\u0644\u0627\u0631\u0633\u0627\u0644 ...\" data-submit-text=\"\u062a\u0623\u0643\u064a\u062f\" aria-live=\"assertive\" value=\"wpforms-submit\">\u062a\u0623\u0643\u064a\u062f<\/button><img decoding=\"async\" src=\"https:\/\/lotustex.green\/wp-content\/plugins\/wpforms\/assets\/images\/submit-spin.svg\" class=\"wpforms-submit-spinner\" style=\"display: none;\" width=\"26\" height=\"26\" alt=\"Loading\"><\/div><\/form><\/div>  <!-- .wpforms-container --><\/div>\n\t\t\t\t\t\t<\/div>\n\t\t\t\t<\/div>\n\t\t\t\t\t<\/div>\n\t\t<\/div>\n\t\t\t\t\t<\/div>\n\t\t<\/section>\n\t\t\t\t\t<\/div>\n\t\t<\/div>\n\t\t\t\t\t<\/div>\n\t\t<\/section>\n\t\t\t\t<\/div>\n\t\t","protected":false},"excerpt":{"rendered":"<p>\u0645\u0639\u0644\u0648\u0645\u0627\u062a \u0627\u0644\u0627\u062a\u0635\u0627\u0644 \u0645\u0635\u0631\u062a\u0631\u0643\u064a\u0627\u0628\u0631\u064a\u0637\u0627\u0646\u0628\u0627\u0623\u0633\u0628\u0627\u0646\u064a\u0627\u0627\u0644\u0645\u063a\u0631\u0628\u062a\u0648\u0646\u0633\u0627\u064a\u0637\u0627\u0644\u064a\u0627\u0641\u0631\u0646\u0633\u0627\u0643\u0648\u0631\u064a\u0627 \u0627\u0644\u0634\u0645\u0627\u0644\u064a\u0629\u0627\u0644\u0628\u0631\u062a\u063a\u0627\u0644 Plot 3, Al Robaiki Road, 10th of Ramadan City, Al-Sharqia Governorate, Egypt. info@lotustex.green 01273097444 Ye\u015filk\u00f6y Mh. Atat\u00fcrk Cd EGS Business Park B1 Blok No:12\/116 34149 Bak\u0131rk\u00f6y\/\u0130STANBUL, TURKEY LotustexTurkey@lotustex.green LotustexUK@lotustex.green LotustexSpain@lotustex.green LotustexMorocco@lotustex.green LotustexTunisia@lotustex.green LotustexItaly@lotustex.green LotustexFrance@lotustex.green LotustexSouthKorea@lotustex.green LotustexPortugal@lotustex.green \u062a\u0648\u0627\u0635\u0644 \u0645\u0639\u0646\u0627 \u0644\u0627 \u062a\u062a\u0631\u062f\u062f \u0641\u064a \u0627\u0644\u0627\u062a\u0635\u0627\u0644 \u0628\u0646\u0627 \u0645\u0646 \u062e\u0644\u0627\u0644\u00a0\u062a\u0648\u064a\u062a\u0631 \u0623\u0648 \u0641\u064a\u0633\u0628\u0648\u0643 \u0625\u0630\u0627 \u0643\u0646\u062a \u062a\u0641\u0636\u0644.<\/p>\n","protected":false},"author":1,"featured_media":0,"parent":0,"menu_order":0,"comment_status":"closed","ping_status":"closed","template":"","meta":{"om_disable_all_campaigns":false,"_monsterinsights_skip_tracking":false,"_monsterinsights_sitenote_active":false,"_monsterinsights_sitenote_note":"","_monsterinsights_sitenote_category":0,"_uf_show_specific_survey":0,"_uf_disable_surveys":false,"footnotes":""},"class_list":["post-5839","page","type-page","status-publish","hentry"],"aioseo_notices":[],"_links":{"self":[{"href":"https:\/\/lotustex.green\/ar\/wp-json\/wp\/v2\/pages\/5839","targetHints":{"allow":["GET"]}}],"collection":[{"href":"https:\/\/lotustex.green\/ar\/wp-json\/wp\/v2\/pages"}],"about":[{"href":"https:\/\/lotustex.green\/ar\/wp-json\/wp\/v2\/types\/page"}],"author":[{"embeddable":true,"href":"https:\/\/lotustex.green\/ar\/wp-json\/wp\/v2\/users\/1"}],"replies":[{"embeddable":true,"href":"https:\/\/lotustex.green\/ar\/wp-json\/wp\/v2\/comments?post=5839"}],"version-history":[{"count":13,"href":"https:\/\/lotustex.green\/ar\/wp-json\/wp\/v2\/pages\/5839\/revisions"}],"predecessor-version":[{"id":6599,"href":"https:\/\/lotustex.green\/ar\/wp-json\/wp\/v2\/pages\/5839\/revisions\/6599"}],"wp:attachment":[{"href":"https:\/\/lotustex.green\/ar\/wp-json\/wp\/v2\/media?parent=5839"}],"curies":[{"name":"wp","href":"https:\/\/api.w.org\/{rel}","templated":true}]}}